{"id":6088,"date":"2024-11-17T13:51:46","date_gmt":"2024-11-17T13:51:46","guid":{"rendered":"https:\/\/latelierrosie.fr\/shop\/lecume-2-sided-blade"},"modified":"2025-10-21T14:01:23","modified_gmt":"2025-10-21T14:01:23","slug":"lecume-2-sided-blade","status":"publish","type":"product","link":"https:\/\/latelierrosie.fr\/en\/shop\/lecume-2-sided-blade","title":{"rendered":"L&#8217;\u00e9cume 2-sided blade"},"content":{"rendered":"<h2>Description<\/h2>\n<p><span style=\"font-weight: 400;\">Scum, choice of handle :<\/span><\/p>\n<ul>\n<li style=\"font-weight: 400;\" aria-level=\"1\"><span style=\"font-weight: 400;\">Crushed oysters shells and resin<\/span><\/li>\n<li style=\"font-weight: 400;\" aria-level=\"1\"><span style=\"font-weight: 400;\">Crushed oysters shells, gold and resin<\/span><\/li>\n<li style=\"font-weight: 400;\" aria-level=\"1\"><span style=\"font-weight: 400;\">Crushed mussels shells<\/span><\/li>\n<\/ul>\n<p><span style=\"font-weight: 400;\">Made from hardened stainless steel, it promises to stand the test of time.<\/span><\/p>\n<p><span style=\"font-weight: 400;\">We guarantee 100% French manufacturing in our small workshop in the Bordeaux region.<\/span><span style=\"font-weight: 400;\"><br \/>\n<\/span><span style=\"font-weight: 400;\">If you wish to resell our products, please contact us by phone or e-mail. <\/span><\/p>\n","protected":false},"excerpt":{"rendered":"<p><span style=\"font-weight: 400;\">This oyster and shellfish knife is a new ode to the sea, with its rounded design reminiscent of waves receding on the sand. In close collaboration with Ostra R\u00e9gal, L&#8217;\u00e9cume has been tested and approved by Jean-Luc Vianey MOF poissononnier &#8211; \u00e9cailler 2011, Estonian Anti Lepik, 5-time world champion oyster opener, and Renars Purmalis, Lithuanian world champion oyster opener in 2024. <\/span><\/p>\n<p><span style=\"font-weight: 400;\">Ecume comes in two versions: a 2-sided blade or a 4-sided blade to suit everyone&#8217;s preferences and tastes.<\/span><\/p>\n<p>Shown here in 2 panels.<\/p>\n<p>&nbsp;<\/p>\n<p><span style=\"font-weight: 400;\"><strong>Scum<\/strong>, choice of handle :<\/span><\/p>\n<ul>\n<li style=\"font-weight: 400;\" aria-level=\"1\"><span style=\"font-weight: 400;\">Crushed oysters shells and resin<\/span><\/li>\n<li style=\"font-weight: 400;\" aria-level=\"1\"><span style=\"font-weight: 400;\">Crushed oysters shells, gold and resin<\/span><\/li>\n<li style=\"font-weight: 400;\" aria-level=\"1\"><span style=\"font-weight: 400;\">Crushed mussels shells<\/span><\/li>\n<\/ul>\n","protected":false},"featured_media":5524,"comment_status":"closed","ping_status":"closed","template":"","meta":[],"product_brand":[],"product_cat":[107],"product_tag":[117],"class_list":{"0":"post-6088","1":"product","2":"type-product","3":"status-publish","4":"has-post-thumbnail","6":"product_cat-l-ecume","7":"product_tag-french-brand","9":"first","10":"instock","11":"shipping-taxable","12":"purchasable","13":"product-type-variable"},"yoast_head":"<!-- This site is optimized with the Yoast SEO plugin v27.1.1 - https:\/\/yoast.com\/product\/yoast-seo-wordpress\/ -->\n<title>L&#039;\u00e9cume 2-sided blade - L&#039;Atelier Rosie<\/title>\n<meta name=\"robots\" content=\"index, follow, max-snippet:-1, max-image-preview:large, max-video-preview:-1\" \/>\n<link rel=\"canonical\" href=\"https:\/\/latelierrosie.fr\/en\/shop\/lecume-2-sided-blade\" \/>\n<meta property=\"og:locale\" content=\"en_US\" \/>\n<meta property=\"og:type\" content=\"article\" \/>\n<meta property=\"og:title\" content=\"L&#039;\u00e9cume 2-sided blade - L&#039;Atelier Rosie\" \/>\n<meta property=\"og:description\" content=\"This oyster and shellfish knife is a new ode to the sea, with its rounded design reminiscent of waves receding on the sand. In close collaboration with Ostra R\u00e9gal, L&#039;\u00e9cume has been tested and approved by Jean-Luc Vianey MOF poissononnier - \u00e9cailler 2011, Estonian Anti Lepik, 5-time world champion oyster opener, and Renars Purmalis, Lithuanian world champion oyster opener in 2024.   Ecume comes in two versions: a 2-sided blade or a 4-sided blade to suit everyone&#039;s preferences and tastes.  Shown here in 2 panels.  &nbsp;  Scum, choice of handle :   Crushed oysters shells and resin  Crushed oysters shells, gold and resin  Crushed mussels shells\" \/>\n<meta property=\"og:url\" content=\"https:\/\/latelierrosie.fr\/en\/shop\/lecume-2-sided-blade\" \/>\n<meta property=\"og:site_name\" content=\"L&#039;Atelier Rosie\" \/>\n<meta property=\"article:publisher\" content=\"https:\/\/www.facebook.com\/LAtelierRosie\/\" \/>\n<meta property=\"article:modified_time\" content=\"2025-10-21T14:01:23+00:00\" \/>\n<meta property=\"og:image\" content=\"https:\/\/latelierrosie.fr\/wp-content\/uploads\/2024\/11\/modele1-lecume-3couteaux-2-1024x683.png\" \/>\n\t<meta property=\"og:image:width\" content=\"1024\" \/>\n\t<meta property=\"og:image:height\" content=\"683\" \/>\n\t<meta property=\"og:image:type\" content=\"image\/png\" \/>\n<meta name=\"twitter:card\" content=\"summary_large_image\" \/>\n<meta name=\"twitter:label1\" content=\"Est. reading time\" \/>\n\t<meta name=\"twitter:data1\" content=\"1 minute\" \/>\n<script type=\"application\/ld+json\" class=\"yoast-schema-graph\">{\"@context\":\"https:\/\/schema.org\",\"@graph\":[{\"@type\":\"WebPage\",\"@id\":\"https:\/\/latelierrosie.fr\/en\/shop\/lecume-2-sided-blade\",\"url\":\"https:\/\/latelierrosie.fr\/en\/shop\/lecume-2-sided-blade\",\"name\":\"L'\u00e9cume 2-sided blade - L&#039;Atelier Rosie\",\"isPartOf\":{\"@id\":\"https:\/\/latelierrosie.fr\/en#website\"},\"primaryImageOfPage\":{\"@id\":\"https:\/\/latelierrosie.fr\/en\/shop\/lecume-2-sided-blade#primaryimage\"},\"image\":{\"@id\":\"https:\/\/latelierrosie.fr\/en\/shop\/lecume-2-sided-blade#primaryimage\"},\"thumbnailUrl\":\"https:\/\/latelierrosie.fr\/wp-content\/uploads\/2024\/11\/modele1-lecume-3couteaux-2.png\",\"datePublished\":\"2024-11-17T13:51:46+00:00\",\"dateModified\":\"2025-10-21T14:01:23+00:00\",\"breadcrumb\":{\"@id\":\"https:\/\/latelierrosie.fr\/en\/shop\/lecume-2-sided-blade#breadcrumb\"},\"inLanguage\":\"en-US\",\"potentialAction\":[{\"@type\":\"ReadAction\",\"target\":[\"https:\/\/latelierrosie.fr\/en\/shop\/lecume-2-sided-blade\"]}]},{\"@type\":\"ImageObject\",\"inLanguage\":\"en-US\",\"@id\":\"https:\/\/latelierrosie.fr\/en\/shop\/lecume-2-sided-blade#primaryimage\",\"url\":\"https:\/\/latelierrosie.fr\/wp-content\/uploads\/2024\/11\/modele1-lecume-3couteaux-2.png\",\"contentUrl\":\"https:\/\/latelierrosie.fr\/wp-content\/uploads\/2024\/11\/modele1-lecume-3couteaux-2.png\",\"width\":5833,\"height\":3888},{\"@type\":\"BreadcrumbList\",\"@id\":\"https:\/\/latelierrosie.fr\/en\/shop\/lecume-2-sided-blade#breadcrumb\",\"itemListElement\":[{\"@type\":\"ListItem\",\"position\":1,\"name\":\"Accueil\",\"item\":\"https:\/\/latelierrosie.fr\/en\"},{\"@type\":\"ListItem\",\"position\":2,\"name\":\"Shop\",\"item\":\"https:\/\/latelierrosie.fr\/en\/shop\"},{\"@type\":\"ListItem\",\"position\":3,\"name\":\"L&rsquo;\u00e9cume 2-sided blade\"}]},{\"@type\":\"WebSite\",\"@id\":\"https:\/\/latelierrosie.fr\/en#website\",\"url\":\"https:\/\/latelierrosie.fr\/en\",\"name\":\"L&#039;Atelier Rosie\",\"description\":\"Coutellerie Artisanale\",\"publisher\":{\"@id\":\"https:\/\/latelierrosie.fr\/en#organization\"},\"potentialAction\":[{\"@type\":\"SearchAction\",\"target\":{\"@type\":\"EntryPoint\",\"urlTemplate\":\"https:\/\/latelierrosie.fr\/en?s={search_term_string}\"},\"query-input\":{\"@type\":\"PropertyValueSpecification\",\"valueRequired\":true,\"valueName\":\"search_term_string\"}}],\"inLanguage\":\"en-US\"},{\"@type\":\"Organization\",\"@id\":\"https:\/\/latelierrosie.fr\/en#organization\",\"name\":\"L'ATELIER ROSIE\",\"url\":\"https:\/\/latelierrosie.fr\/en\",\"logo\":{\"@type\":\"ImageObject\",\"inLanguage\":\"en-US\",\"@id\":\"https:\/\/latelierrosie.fr\/en#\/schema\/logo\/image\/\",\"url\":\"https:\/\/latelierrosie.fr\/wp-content\/uploads\/2022\/06\/logo-atelier_rosie.png\",\"contentUrl\":\"https:\/\/latelierrosie.fr\/wp-content\/uploads\/2022\/06\/logo-atelier_rosie.png\",\"width\":480,\"height\":480,\"caption\":\"L'ATELIER ROSIE\"},\"image\":{\"@id\":\"https:\/\/latelierrosie.fr\/en#\/schema\/logo\/image\/\"},\"sameAs\":[\"https:\/\/www.facebook.com\/LAtelierRosie\/\",\"https:\/\/www.instagram.com\/latelierrosie\/?hl=fr\"]}]}<\/script>\n<!-- \/ Yoast SEO plugin. -->","yoast_head_json":{"title":"L'\u00e9cume 2-sided blade - L&#039;Atelier Rosie","robots":{"index":"index","follow":"follow","max-snippet":"max-snippet:-1","max-image-preview":"max-image-preview:large","max-video-preview":"max-video-preview:-1"},"canonical":"https:\/\/latelierrosie.fr\/en\/shop\/lecume-2-sided-blade","og_locale":"en_US","og_type":"article","og_title":"L'\u00e9cume 2-sided blade - L&#039;Atelier Rosie","og_description":"This oyster and shellfish knife is a new ode to the sea, with its rounded design reminiscent of waves receding on the sand. In close collaboration with Ostra R\u00e9gal, L'\u00e9cume has been tested and approved by Jean-Luc Vianey MOF poissononnier - \u00e9cailler 2011, Estonian Anti Lepik, 5-time world champion oyster opener, and Renars Purmalis, Lithuanian world champion oyster opener in 2024.   Ecume comes in two versions: a 2-sided blade or a 4-sided blade to suit everyone's preferences and tastes.  Shown here in 2 panels.  &nbsp;  Scum, choice of handle :   Crushed oysters shells and resin  Crushed oysters shells, gold and resin  Crushed mussels shells","og_url":"https:\/\/latelierrosie.fr\/en\/shop\/lecume-2-sided-blade","og_site_name":"L&#039;Atelier Rosie","article_publisher":"https:\/\/www.facebook.com\/LAtelierRosie\/","article_modified_time":"2025-10-21T14:01:23+00:00","og_image":[{"width":1024,"height":683,"url":"https:\/\/latelierrosie.fr\/wp-content\/uploads\/2024\/11\/modele1-lecume-3couteaux-2-1024x683.png","type":"image\/png"}],"twitter_card":"summary_large_image","twitter_misc":{"Est. reading time":"1 minute"},"schema":{"@context":"https:\/\/schema.org","@graph":[{"@type":"WebPage","@id":"https:\/\/latelierrosie.fr\/en\/shop\/lecume-2-sided-blade","url":"https:\/\/latelierrosie.fr\/en\/shop\/lecume-2-sided-blade","name":"L'\u00e9cume 2-sided blade - L&#039;Atelier Rosie","isPartOf":{"@id":"https:\/\/latelierrosie.fr\/en#website"},"primaryImageOfPage":{"@id":"https:\/\/latelierrosie.fr\/en\/shop\/lecume-2-sided-blade#primaryimage"},"image":{"@id":"https:\/\/latelierrosie.fr\/en\/shop\/lecume-2-sided-blade#primaryimage"},"thumbnailUrl":"https:\/\/latelierrosie.fr\/wp-content\/uploads\/2024\/11\/modele1-lecume-3couteaux-2.png","datePublished":"2024-11-17T13:51:46+00:00","dateModified":"2025-10-21T14:01:23+00:00","breadcrumb":{"@id":"https:\/\/latelierrosie.fr\/en\/shop\/lecume-2-sided-blade#breadcrumb"},"inLanguage":"en-US","potentialAction":[{"@type":"ReadAction","target":["https:\/\/latelierrosie.fr\/en\/shop\/lecume-2-sided-blade"]}]},{"@type":"ImageObject","inLanguage":"en-US","@id":"https:\/\/latelierrosie.fr\/en\/shop\/lecume-2-sided-blade#primaryimage","url":"https:\/\/latelierrosie.fr\/wp-content\/uploads\/2024\/11\/modele1-lecume-3couteaux-2.png","contentUrl":"https:\/\/latelierrosie.fr\/wp-content\/uploads\/2024\/11\/modele1-lecume-3couteaux-2.png","width":5833,"height":3888},{"@type":"BreadcrumbList","@id":"https:\/\/latelierrosie.fr\/en\/shop\/lecume-2-sided-blade#breadcrumb","itemListElement":[{"@type":"ListItem","position":1,"name":"Accueil","item":"https:\/\/latelierrosie.fr\/en"},{"@type":"ListItem","position":2,"name":"Shop","item":"https:\/\/latelierrosie.fr\/en\/shop"},{"@type":"ListItem","position":3,"name":"L&rsquo;\u00e9cume 2-sided blade"}]},{"@type":"WebSite","@id":"https:\/\/latelierrosie.fr\/en#website","url":"https:\/\/latelierrosie.fr\/en","name":"L&#039;Atelier Rosie","description":"Coutellerie Artisanale","publisher":{"@id":"https:\/\/latelierrosie.fr\/en#organization"},"potentialAction":[{"@type":"SearchAction","target":{"@type":"EntryPoint","urlTemplate":"https:\/\/latelierrosie.fr\/en?s={search_term_string}"},"query-input":{"@type":"PropertyValueSpecification","valueRequired":true,"valueName":"search_term_string"}}],"inLanguage":"en-US"},{"@type":"Organization","@id":"https:\/\/latelierrosie.fr\/en#organization","name":"L'ATELIER ROSIE","url":"https:\/\/latelierrosie.fr\/en","logo":{"@type":"ImageObject","inLanguage":"en-US","@id":"https:\/\/latelierrosie.fr\/en#\/schema\/logo\/image\/","url":"https:\/\/latelierrosie.fr\/wp-content\/uploads\/2022\/06\/logo-atelier_rosie.png","contentUrl":"https:\/\/latelierrosie.fr\/wp-content\/uploads\/2022\/06\/logo-atelier_rosie.png","width":480,"height":480,"caption":"L'ATELIER ROSIE"},"image":{"@id":"https:\/\/latelierrosie.fr\/en#\/schema\/logo\/image\/"},"sameAs":["https:\/\/www.facebook.com\/LAtelierRosie\/","https:\/\/www.instagram.com\/latelierrosie\/?hl=fr"]}]}},"_links":{"self":[{"href":"https:\/\/latelierrosie.fr\/en\/wp-json\/wp\/v2\/product\/6088","targetHints":{"allow":["GET"]}}],"collection":[{"href":"https:\/\/latelierrosie.fr\/en\/wp-json\/wp\/v2\/product"}],"about":[{"href":"https:\/\/latelierrosie.fr\/en\/wp-json\/wp\/v2\/types\/product"}],"replies":[{"embeddable":true,"href":"https:\/\/latelierrosie.fr\/en\/wp-json\/wp\/v2\/comments?post=6088"}],"wp:featuredmedia":[{"embeddable":true,"href":"https:\/\/latelierrosie.fr\/en\/wp-json\/wp\/v2\/media\/5524"}],"wp:attachment":[{"href":"https:\/\/latelierrosie.fr\/en\/wp-json\/wp\/v2\/media?parent=6088"}],"wp:term":[{"taxonomy":"product_brand","embeddable":true,"href":"https:\/\/latelierrosie.fr\/en\/wp-json\/wp\/v2\/product_brand?post=6088"},{"taxonomy":"product_cat","embeddable":true,"href":"https:\/\/latelierrosie.fr\/en\/wp-json\/wp\/v2\/product_cat?post=6088"},{"taxonomy":"product_tag","embeddable":true,"href":"https:\/\/latelierrosie.fr\/en\/wp-json\/wp\/v2\/product_tag?post=6088"}],"curies":[{"name":"wp","href":"https:\/\/api.w.org\/{rel}","templated":true}]}}